{"id":1369,"date":"2025-05-16T20:54:54","date_gmt":"2025-05-16T20:54:54","guid":{"rendered":"https:\/\/optimus-motors.com\/?post_type=product&#038;p=1369"},"modified":"2025-05-16T20:55:09","modified_gmt":"2025-05-16T20:55:09","slug":"f-900-r","status":"publish","type":"product","link":"https:\/\/optimus-motors.com\/?product=f-900-r","title":{"rendered":"F 900 R"},"content":{"rendered":"<p>La BMW F 900 R es una moto naked de media cilindrada con un dise\u00f1o agresivo y moderno. Equipada con un motor bicil\u00edndrico de 895 cc y 105 hp, ofrece una conducci\u00f3n \u00e1gil y potente, ideal tanto para ciudad como para carretera.<br \/>\nDestaca por su ergonom\u00eda c\u00f3moda, tecnolog\u00eda avanzada como modos de conducci\u00f3n, control de tracci\u00f3n y pantalla TFT con conectividad. Su estilo musculoso, iluminaci\u00f3n LED y chasis estable la convierten en una opci\u00f3n vers\u00e1til y emocionante para quienes buscan rendimiento y estilo en una misma moto<\/p>\n","protected":false},"excerpt":{"rendered":"<p>El dise\u00f1o puro y contundente de la F 900 R est\u00e1 \u00e1vido de enfrentarse a nuevos desaf\u00edos. Con esta Dynamic Roadster, ir\u00e1s por el buen camino para encarar el d\u00eda con vigor. La F 900 R responde de manera precisa y directa. As\u00ed tomar\u00e1s cada curva de manera intuitiva con la potencia adecuada, como si transformaras directamente tus ideas en el puro placer de conducir. Adem\u00e1s, la F 900 R te acompa\u00f1ar\u00e1 con su tecnolog\u00eda de iluminaci\u00f3n, Connectivity y seguridad, superando con creces al resto.<\/p>\n","protected":false},"featured_media":1362,"comment_status":"open","ping_status":"closed","template":"","meta":{"_uag_custom_page_level_css":"","site-sidebar-layout":"default","site-content-layout":"","ast-site-content-layout":"default","site-content-style":"default","site-sidebar-style":"default","ast-global-header-display":"","ast-banner-title-visibility":"","ast-main-header-display":"","ast-hfb-above-header-display":"","ast-hfb-below-header-display":"","ast-hfb-mobile-header-display":"","site-post-title":"","ast-breadcrumbs-content":"","ast-featured-img":"","footer-sml-layout":"","theme-transparent-header-meta":"default","adv-header-id-meta":"","stick-header-meta":"","header-above-stick-meta":"","header-main-stick-meta":"","header-below-stick-meta":"","astra-migrate-meta-layouts":"set","ast-page-background-enabled":"default","ast-page-background-meta":{"desktop":{"background-color":"var(--ast-global-color-5)","background-image":"","background-repeat":"repeat","background-position":"center center","background-size":"auto","background-attachment":"scroll","background-type":"","background-media":"","overlay-type":"","overlay-color":"","overlay-opacity":"","overlay-gradient":""},"tablet":{"background-color":"","background-image":"","background-repeat":"repeat","background-position":"center center","background-size":"auto","background-attachment":"scroll","background-type":"","background-media":"","overlay-type":"","overlay-color":"","overlay-opacity":"","overlay-gradient":""},"mobile":{"background-color":"","background-image":"","background-repeat":"repeat","background-position":"center center","background-size":"auto","background-attachment":"scroll","background-type":"","background-media":"","overlay-type":"","overlay-color":"","overlay-opacity":"","overlay-gradient":""}},"ast-content-background-meta":{"desktop":{"background-color":"var(--ast-global-color-4)","background-image":"","background-repeat":"repeat","background-position":"center center","background-size":"auto","background-attachment":"scroll","background-type":"","background-media":"","overlay-type":"","overlay-color":"","overlay-opacity":"","overlay-gradient":""},"tablet":{"background-color":"var(--ast-global-color-4)","background-image":"","background-repeat":"repeat","background-position":"center center","background-size":"auto","background-attachment":"scroll","background-type":"","background-media":"","overlay-type":"","overlay-color":"","overlay-opacity":"","overlay-gradient":""},"mobile":{"background-color":"var(--ast-global-color-4)","background-image":"","background-repeat":"repeat","background-position":"center center","background-size":"auto","background-attachment":"scroll","background-type":"","background-media":"","overlay-type":"","overlay-color":"","overlay-opacity":"","overlay-gradient":""}},"ngg_post_thumbnail":0},"product_brand":[],"product_cat":[70],"product_tag":[],"class_list":{"0":"post-1369","1":"product","2":"type-product","3":"status-publish","4":"has-post-thumbnail","6":"product_cat-bmw","7":"desktop-align-left","8":"tablet-align-left","9":"mobile-align-left","11":"first","12":"instock","13":"sale","14":"taxable","15":"shipping-taxable","16":"purchasable","17":"product-type-simple"},"uagb_featured_image_src":{"full":["https:\/\/optimus-motors.com\/wp-content\/uploads\/2025\/05\/F950-R.jpeg",1600,1067,false],"thumbnail":["https:\/\/optimus-motors.com\/wp-content\/uploads\/2025\/05\/F950-R-150x150.jpeg",150,150,true],"medium":["https:\/\/optimus-motors.com\/wp-content\/uploads\/2025\/05\/F950-R-300x200.jpeg",300,200,true],"medium_large":["https:\/\/optimus-motors.com\/wp-content\/uploads\/2025\/05\/F950-R-768x512.jpeg",768,512,true],"large":["https:\/\/optimus-motors.com\/wp-content\/uploads\/2025\/05\/F950-R-1024x683.jpeg",1024,683,true],"1536x1536":["https:\/\/optimus-motors.com\/wp-content\/uploads\/2025\/05\/F950-R-1536x1024.jpeg",1536,1024,true],"2048x2048":["https:\/\/optimus-motors.com\/wp-content\/uploads\/2025\/05\/F950-R.jpeg",1600,1067,false],"woocommerce_thumbnail":["https:\/\/optimus-motors.com\/wp-content\/uploads\/2025\/05\/F950-R-180x180.jpeg",180,180,true],"woocommerce_single":["https:\/\/optimus-motors.com\/wp-content\/uploads\/2025\/05\/F950-R-600x600.jpeg",600,600,true],"woocommerce_gallery_thumbnail":["https:\/\/optimus-motors.com\/wp-content\/uploads\/2025\/05\/F950-R-100x100.jpeg",100,100,true]},"uagb_author_info":{"display_name":"Daneo","author_link":"https:\/\/optimus-motors.com\/?author=0"},"uagb_comment_info":0,"uagb_excerpt":"El dise\u00f1o puro y contundente de la F 900 R est\u00e1 \u00e1vido de enfrentarse a nuevos desaf\u00edos. Con esta Dynamic Roadster, ir\u00e1s por el buen camino para encarar el d\u00eda con vigor. La F 900 R responde de manera precisa y directa. As\u00ed tomar\u00e1s cada curva de manera intuitiva con la potencia adecuada, como si&hellip;","_links":{"self":[{"href":"https:\/\/optimus-motors.com\/index.php?rest_route=\/wp\/v2\/product\/1369","targetHints":{"allow":["GET"]}}],"collection":[{"href":"https:\/\/optimus-motors.com\/index.php?rest_route=\/wp\/v2\/product"}],"about":[{"href":"https:\/\/optimus-motors.com\/index.php?rest_route=\/wp\/v2\/types\/product"}],"replies":[{"embeddable":true,"href":"https:\/\/optimus-motors.com\/index.php?rest_route=%2Fwp%2Fv2%2Fcomments&post=1369"}],"wp:featuredmedia":[{"embeddable":true,"href":"https:\/\/optimus-motors.com\/index.php?rest_route=\/wp\/v2\/media\/1362"}],"wp:attachment":[{"href":"https:\/\/optimus-motors.com\/index.php?rest_route=%2Fwp%2Fv2%2Fmedia&parent=1369"}],"wp:term":[{"taxonomy":"product_brand","embeddable":true,"href":"https:\/\/optimus-motors.com\/index.php?rest_route=%2Fwp%2Fv2%2Fproduct_brand&post=1369"},{"taxonomy":"product_cat","embeddable":true,"href":"https:\/\/optimus-motors.com\/index.php?rest_route=%2Fwp%2Fv2%2Fproduct_cat&post=1369"},{"taxonomy":"product_tag","embeddable":true,"href":"https:\/\/optimus-motors.com\/index.php?rest_route=%2Fwp%2Fv2%2Fproduct_tag&post=1369"}],"curies":[{"name":"wp","href":"https:\/\/api.w.org\/{rel}","templated":true}]}}