{"id":1364,"date":"2025-05-16T20:44:22","date_gmt":"2025-05-16T20:44:22","guid":{"rendered":"https:\/\/optimus-motors.com\/?post_type=product&#038;p=1364"},"modified":"2025-05-17T19:02:04","modified_gmt":"2025-05-17T19:02:04","slug":"streetfighter-v4","status":"publish","type":"product","link":"https:\/\/optimus-motors.com\/?product=streetfighter-v4","title":{"rendered":"Streetfighter V4"},"content":{"rendered":"<p>La Fight Formula, aplicado a la Panigale V4.<\/p>\n<p>La nueva Streetfighter V4 es la m\u00e1xima expresi\u00f3n de la F\u00f3rmula Fight, aplicada a la mejor Panigale de todos los tiempos. Como nunca antes, la Streetfighter hereda toda la innovaci\u00f3n y las prestaciones de la superbike de Ducati, conservando su inconfundible car\u00e1cter. Potente y precisa en circuito, excitante y agradable en carretera, la Streetfighter V4 promete tanto sensaciones como control para una experiencia de conducci\u00f3n sin igual.<br \/>\nEl Streetfighter m\u00e1s potente de la categor\u00eda.<\/p>\n<p>Como nunca antes, la nueva Streetfighter V4 es la nueva Panigale V4 despojada de los carenados, una f\u00f3rmula m\u00e1gica que mezcla nuevas soluciones en cuanto a su dise\u00f1o, aerodin\u00e1mica, ergonom\u00eda, chasis y electr\u00f3nica.<\/p>\n","protected":false},"excerpt":{"rendered":"<p>La Fight Formula en la Panigale V4:<br \/>\nLa Streetfighter V4 aplica la f\u00f3rmula de Ducati basada en la Panigale V4, eliminando los carenados y sumando dise\u00f1o agresivo, aerodin\u00e1mica avanzada y tecnolog\u00eda de superbike. El resultado: una moto potente, precisa y emocionante, ideal tanto para pista como para carretera.<\/p>\n","protected":false},"featured_media":1363,"comment_status":"open","ping_status":"closed","template":"","meta":{"_uag_custom_page_level_css":"","site-sidebar-layout":"default","site-content-layout":"","ast-site-content-layout":"default","site-content-style":"default","site-sidebar-style":"default","ast-global-header-display":"","ast-banner-title-visibility":"","ast-main-header-display":"","ast-hfb-above-header-display":"","ast-hfb-below-header-display":"","ast-hfb-mobile-header-display":"","site-post-title":"","ast-breadcrumbs-content":"","ast-featured-img":"","footer-sml-layout":"","theme-transparent-header-meta":"default","adv-header-id-meta":"","stick-header-meta":"","header-above-stick-meta":"","header-main-stick-meta":"","header-below-stick-meta":"","astra-migrate-meta-layouts":"set","ast-page-background-enabled":"default","ast-page-background-meta":{"desktop":{"background-color":"var(--ast-global-color-5)","background-image":"","background-repeat":"repeat","background-position":"center center","background-size":"auto","background-attachment":"scroll","background-type":"","background-media":"","overlay-type":"","overlay-color":"","overlay-opacity":"","overlay-gradient":""},"tablet":{"background-color":"","background-image":"","background-repeat":"repeat","background-position":"center center","background-size":"auto","background-attachment":"scroll","background-type":"","background-media":"","overlay-type":"","overlay-color":"","overlay-opacity":"","overlay-gradient":""},"mobile":{"background-color":"","background-image":"","background-repeat":"repeat","background-position":"center center","background-size":"auto","background-attachment":"scroll","background-type":"","background-media":"","overlay-type":"","overlay-color":"","overlay-opacity":"","overlay-gradient":""}},"ast-content-background-meta":{"desktop":{"background-color":"var(--ast-global-color-4)","background-image":"","background-repeat":"repeat","background-position":"center center","background-size":"auto","background-attachment":"scroll","background-type":"","background-media":"","overlay-type":"","overlay-color":"","overlay-opacity":"","overlay-gradient":""},"tablet":{"background-color":"var(--ast-global-color-4)","background-image":"","background-repeat":"repeat","background-position":"center center","background-size":"auto","background-attachment":"scroll","background-type":"","background-media":"","overlay-type":"","overlay-color":"","overlay-opacity":"","overlay-gradient":""},"mobile":{"background-color":"var(--ast-global-color-4)","background-image":"","background-repeat":"repeat","background-position":"center center","background-size":"auto","background-attachment":"scroll","background-type":"","background-media":"","overlay-type":"","overlay-color":"","overlay-opacity":"","overlay-gradient":""}},"ngg_post_thumbnail":0},"product_brand":[],"product_cat":[46],"product_tag":[],"class_list":{"0":"post-1364","1":"product","2":"type-product","3":"status-publish","4":"has-post-thumbnail","6":"product_cat-sport","7":"desktop-align-left","8":"tablet-align-left","9":"mobile-align-left","11":"first","12":"instock","13":"sale","14":"featured","15":"taxable","16":"shipping-taxable","17":"purchasable","18":"product-type-simple"},"uagb_featured_image_src":{"full":["https:\/\/optimus-motors.com\/wp-content\/uploads\/2025\/05\/Ducatti_Street.jpeg",1600,1054,false],"thumbnail":["https:\/\/optimus-motors.com\/wp-content\/uploads\/2025\/05\/Ducatti_Street-150x150.jpeg",150,150,true],"medium":["https:\/\/optimus-motors.com\/wp-content\/uploads\/2025\/05\/Ducatti_Street-300x198.jpeg",300,198,true],"medium_large":["https:\/\/optimus-motors.com\/wp-content\/uploads\/2025\/05\/Ducatti_Street-768x506.jpeg",768,506,true],"large":["https:\/\/optimus-motors.com\/wp-content\/uploads\/2025\/05\/Ducatti_Street-1024x675.jpeg",1024,675,true],"1536x1536":["https:\/\/optimus-motors.com\/wp-content\/uploads\/2025\/05\/Ducatti_Street-1536x1012.jpeg",1536,1012,true],"2048x2048":["https:\/\/optimus-motors.com\/wp-content\/uploads\/2025\/05\/Ducatti_Street.jpeg",1600,1054,false],"woocommerce_thumbnail":["https:\/\/optimus-motors.com\/wp-content\/uploads\/2025\/05\/Ducatti_Street-180x180.jpeg",180,180,true],"woocommerce_single":["https:\/\/optimus-motors.com\/wp-content\/uploads\/2025\/05\/Ducatti_Street-600x600.jpeg",600,600,true],"woocommerce_gallery_thumbnail":["https:\/\/optimus-motors.com\/wp-content\/uploads\/2025\/05\/Ducatti_Street-100x100.jpeg",100,100,true]},"uagb_author_info":{"display_name":"Daneo","author_link":"https:\/\/optimus-motors.com\/?author=0"},"uagb_comment_info":0,"uagb_excerpt":"La Fight Formula en la Panigale V4: La Streetfighter V4 aplica la f\u00f3rmula de Ducati basada en la Panigale V4, eliminando los carenados y sumando dise\u00f1o agresivo, aerodin\u00e1mica avanzada y tecnolog\u00eda de superbike. El resultado: una moto potente, precisa y emocionante, ideal tanto para pista como para carretera.","_links":{"self":[{"href":"https:\/\/optimus-motors.com\/index.php?rest_route=\/wp\/v2\/product\/1364","targetHints":{"allow":["GET"]}}],"collection":[{"href":"https:\/\/optimus-motors.com\/index.php?rest_route=\/wp\/v2\/product"}],"about":[{"href":"https:\/\/optimus-motors.com\/index.php?rest_route=\/wp\/v2\/types\/product"}],"replies":[{"embeddable":true,"href":"https:\/\/optimus-motors.com\/index.php?rest_route=%2Fwp%2Fv2%2Fcomments&post=1364"}],"wp:featuredmedia":[{"embeddable":true,"href":"https:\/\/optimus-motors.com\/index.php?rest_route=\/wp\/v2\/media\/1363"}],"wp:attachment":[{"href":"https:\/\/optimus-motors.com\/index.php?rest_route=%2Fwp%2Fv2%2Fmedia&parent=1364"}],"wp:term":[{"taxonomy":"product_brand","embeddable":true,"href":"https:\/\/optimus-motors.com\/index.php?rest_route=%2Fwp%2Fv2%2Fproduct_brand&post=1364"},{"taxonomy":"product_cat","embeddable":true,"href":"https:\/\/optimus-motors.com\/index.php?rest_route=%2Fwp%2Fv2%2Fproduct_cat&post=1364"},{"taxonomy":"product_tag","embeddable":true,"href":"https:\/\/optimus-motors.com\/index.php?rest_route=%2Fwp%2Fv2%2Fproduct_tag&post=1364"}],"curies":[{"name":"wp","href":"https:\/\/api.w.org\/{rel}","templated":true}]}}