{"id":951,"date":"2025-05-07T22:25:59","date_gmt":"2025-05-07T22:25:59","guid":{"rendered":"https:\/\/optimus-motors.com\/?page_id=951"},"modified":"2025-05-07T22:37:41","modified_gmt":"2025-05-07T22:37:41","slug":"accesorios","status":"publish","type":"page","link":"https:\/\/optimus-motors.com\/?page_id=951","title":{"rendered":"Accesorios"},"content":{"rendered":"\n<p>Equipa tu moto con los mejores accesorios del mercado. En Optimus Motors, encontrar\u00e1s una amplia selecci\u00f3n de accesorios de calidad para todo tipo de motocicletas: deportivas, urbanas, custom, touring y m\u00e1s.<\/p>\n\n\n\n<p>Ya sea que busques mejorar la seguridad, a\u00f1adir funcionalidad o personalizar el estilo de tu moto, tenemos lo que necesitas:<\/p>\n\n\n\n<h2 class=\"wp-block-heading\">Guantes:<\/h2>\n\n\n\n<h2 class=\"wp-block-heading\">Tipos de guantes:<\/h2>\n\n\n\n<ul class=\"wp-block-list\">\n<li><strong>Deportivo\/racing<\/strong>: Con protecciones de carbono y palma reforzada para conducci\u00f3n agresiva.<\/li>\n\n\n\n<li><strong>Urbano o touring<\/strong>: C\u00f3modos, flexibles y discretos, ideales para el d\u00eda a d\u00eda.<\/li>\n<\/ul>\n\n\n\n<h2 class=\"wp-block-heading\">Cascos:<\/h2>\n\n\n\n<h2 class=\"wp-block-heading\">Tipos de Cascos:<\/h2>\n\n\n\n<ul class=\"wp-block-list\">\n<li><strong>Integrales<\/strong>: Protecci\u00f3n total para uso urbano o en carretera.<\/li>\n\n\n\n<li><strong>Modulares\/Abatibles<\/strong>: Vers\u00e1tiles, ideales para touring o viajes largos.<\/li>\n\n\n\n<li><strong>Jet o abiertos<\/strong>: M\u00e1s ligeros, perfectos para ciudad y scooters.<\/li>\n\n\n\n<li><strong>Off-road<\/strong>: Dise\u00f1ados para motocross y aventura, con visera extendida y buena ventilaci\u00f3n.<\/li>\n<\/ul>\n\n\n\nngg_shortcode_0_placeholder\n\n\n\n<div class=\"wp-block-uagb-image uagb-block-5368fe38 wp-block-uagb-image--layout-default wp-block-uagb-image--effect-static wp-block-uagb-image--align-none\"><figure class=\"wp-block-uagb-image__figure\"><\/figure><\/div>\n\n\n\n<p> Dise\u00f1ados para protegerte sin sacrificar comodidad ni estilo.<\/p>\n\n\n\n<p>Explora nuestras categor\u00edas y lleva tu experiencia sobre dos ruedas al siguiente nivel. \u00a1La aventura comienza aqu\u00ed!<\/p>\n\n\n\n<div class=\"wp-block-uagb-separator uagb-block-d22cbe7c\"><div class=\"wp-block-uagb-separator__inner\" style=\"--my-background-image:\"><\/div><\/div>\n\n\n\n<p>Haz clic aqu\u00ed para ver todos nuestros cascos y guantes<\/p>\n\n\n\n<div class=\"wp-block-uagb-buttons uagb-buttons__outer-wrap uagb-btn__default-btn uagb-btn-tablet__default-btn uagb-btn-mobile__default-btn uagb-block-52d4085e\"><div class=\"uagb-buttons__wrap uagb-buttons-layout-wrap \">\n<div class=\"wp-block-uagb-buttons-child uagb-buttons__outer-wrap uagb-block-3c4be45e wp-block-button\"><div class=\"uagb-button__wrapper\"><a class=\"uagb-buttons-repeater wp-block-button__link\" aria-label=\"\" href=\"#\" rel=\"follow noopener\" target=\"_self\" role=\"button\"><div class=\"uagb-button__link\">Click Here<\/div><\/a><\/div><\/div>\n<\/div><\/div>\n\n\n<div data-block-name=\"woocommerce\/cart-link\" class=\"wp-block-woocommerce-cart-link\"><a class=\"wc-block-cart-link\" href=\"https:\/\/optimus-motors.com\/?page_id=588\"><svg xmlns=\"http:\/\/www.w3.org\/2000\/svg\" fill=\"currentColor\" class=\"wc-block-mini-cart__icon\" viewBox=\"0 0 32 32\"><circle cx=\"12.667\" cy=\"24.667\" r=\"2\"\/><circle cx=\"23.333\" cy=\"24.667\" r=\"2\"\/><path fill-rule=\"evenodd\" d=\"M9.285 10.036a1 1 0 0 1 .776-.37h15.272a1 1 0 0 1 .99 1.142l-1.333 9.333A1 1 0 0 1 24 21H12a1 1 0 0 1-.98-.797L9.083 10.87a1 1 0 0 1 .203-.834m2.005 1.63L12.814 19h10.319l1.047-7.333z\" clip-rule=\"evenodd\"\/><path fill-rule=\"evenodd\" d=\"M5.667 6.667a1 1 0 0 1 1-1h2.666a1 1 0 0 1 .984.82l.727 4a1 1 0 1 1-1.967.359l-.578-3.18H6.667a1 1 0 0 1-1-1\" clip-rule=\"evenodd\"\/><\/svg><span class=\"wc-block-cart-link__text\">Cart<\/span><\/a><\/div>\n\n\n<p><\/p>\n","protected":false},"excerpt":{"rendered":"<p>Equipa tu moto con los mejores accesorios del mercado. En Optimus Motors, encontrar\u00e1s una amplia selecci\u00f3n de accesorios de calidad para todo tipo de motocicletas: deportivas, urbanas, custom, touring y m\u00e1s. Ya sea que busques mejorar la seguridad, a\u00f1adir funcionalidad o personalizar el estilo de tu moto, tenemos lo que necesitas: Guantes: Tipos de guantes: [&hellip;]<\/p>\n","protected":false},"author":3,"featured_media":0,"parent":0,"menu_order":0,"comment_status":"closed","ping_status":"closed","template":"","meta":{"_uag_custom_page_level_css":"","site-sidebar-layout":"default","site-content-layout":"","ast-site-content-layout":"","site-content-style":"default","site-sidebar-style":"default","ast-global-header-display":"","ast-banner-title-visibility":"","ast-main-header-display":"","ast-hfb-above-header-display":"","ast-hfb-below-header-display":"","ast-hfb-mobile-header-display":"","site-post-title":"","ast-breadcrumbs-content":"","ast-featured-img":"","footer-sml-layout":"","theme-transparent-header-meta":"","adv-header-id-meta":"","stick-header-meta":"","header-above-stick-meta":"","header-main-stick-meta":"","header-below-stick-meta":"","astra-migrate-meta-layouts":"default","ast-page-background-enabled":"default","ast-page-background-meta":{"desktop":{"background-color":"var(--ast-global-color-5)","background-image":"","background-repeat":"repeat","background-position":"center center","background-size":"auto","background-attachment":"scroll","background-type":"","background-media":"","overlay-type":"","overlay-color":"","overlay-opacity":"","overlay-gradient":""},"tablet":{"background-color":"","background-image":"","background-repeat":"repeat","background-position":"center center","background-size":"auto","background-attachment":"scroll","background-type":"","background-media":"","overlay-type":"","overlay-color":"","overlay-opacity":"","overlay-gradient":""},"mobile":{"background-color":"","background-image":"","background-repeat":"repeat","background-position":"center center","background-size":"auto","background-attachment":"scroll","background-type":"","background-media":"","overlay-type":"","overlay-color":"","overlay-opacity":"","overlay-gradient":""}},"ast-content-background-meta":{"desktop":{"background-color":"var(--ast-global-color-4)","background-image":"","background-repeat":"repeat","background-position":"center center","background-size":"auto","background-attachment":"scroll","background-type":"","background-media":"","overlay-type":"","overlay-color":"","overlay-opacity":"","overlay-gradient":""},"tablet":{"background-color":"var(--ast-global-color-4)","background-image":"","background-repeat":"repeat","background-position":"center center","background-size":"auto","background-attachment":"scroll","background-type":"","background-media":"","overlay-type":"","overlay-color":"","overlay-opacity":"","overlay-gradient":""},"mobile":{"background-color":"var(--ast-global-color-4)","background-image":"","background-repeat":"repeat","background-position":"center center","background-size":"auto","background-attachment":"scroll","background-type":"","background-media":"","overlay-type":"","overlay-color":"","overlay-opacity":"","overlay-gradient":""}},"ngg_post_thumbnail":0,"footnotes":""},"class_list":["post-951","page","type-page","status-publish","hentry"],"uagb_featured_image_src":{"full":false,"thumbnail":false,"medium":false,"medium_large":false,"large":false,"1536x1536":false,"2048x2048":false,"woocommerce_thumbnail":false,"woocommerce_single":false,"woocommerce_gallery_thumbnail":false},"uagb_author_info":{"display_name":"Julia Marisol Chain Chin","author_link":"https:\/\/optimus-motors.com\/?author=3"},"uagb_comment_info":0,"uagb_excerpt":"Equipa tu moto con los mejores accesorios del mercado. En Optimus Motors, encontrar\u00e1s una amplia selecci\u00f3n de accesorios de calidad para todo tipo de motocicletas: deportivas, urbanas, custom, touring y m\u00e1s. Ya sea que busques mejorar la seguridad, a\u00f1adir funcionalidad o personalizar el estilo de tu moto, tenemos lo que necesitas: Guantes: Tipos de guantes:&hellip;","_links":{"self":[{"href":"https:\/\/optimus-motors.com\/index.php?rest_route=\/wp\/v2\/pages\/951","targetHints":{"allow":["GET"]}}],"collection":[{"href":"https:\/\/optimus-motors.com\/index.php?rest_route=\/wp\/v2\/pages"}],"about":[{"href":"https:\/\/optimus-motors.com\/index.php?rest_route=\/wp\/v2\/types\/page"}],"author":[{"embeddable":true,"href":"https:\/\/optimus-motors.com\/index.php?rest_route=\/wp\/v2\/users\/3"}],"replies":[{"embeddable":true,"href":"https:\/\/optimus-motors.com\/index.php?rest_route=%2Fwp%2Fv2%2Fcomments&post=951"}],"version-history":[{"count":4,"href":"https:\/\/optimus-motors.com\/index.php?rest_route=\/wp\/v2\/pages\/951\/revisions"}],"predecessor-version":[{"id":962,"href":"https:\/\/optimus-motors.com\/index.php?rest_route=\/wp\/v2\/pages\/951\/revisions\/962"}],"wp:attachment":[{"href":"https:\/\/optimus-motors.com\/index.php?rest_route=%2Fwp%2Fv2%2Fmedia&parent=951"}],"curies":[{"name":"wp","href":"https:\/\/api.w.org\/{rel}","templated":true}]}}