{"id":577,"date":"2025-03-11T20:38:07","date_gmt":"2025-03-11T20:38:07","guid":{"rendered":"https:\/\/optimus-motors.com\/?page_id=577"},"modified":"2025-05-17T18:55:06","modified_gmt":"2025-05-17T18:55:06","slug":"valoraciones","status":"publish","type":"page","link":"https:\/\/optimus-motors.com\/?page_id=577","title":{"rendered":"Valoraciones"},"content":{"rendered":"\n<div data-aos= \"zoom-out\" data-aos-duration=\"400\" data-aos-delay=\"0\" data-aos-easing=\"ease\" data-aos-once=\"true\" class=\"wp-block-uagb-testimonial uagb-slick-carousel uagb-tm__arrow-outside uagb-block-01ceeac5 uag-hide-desktop uag-hide-tab uag-hide-mob\"><div class=\"is-carousel uagb-tm__columns-1 uagb-tm__items\"><div class=\"uagb-testimonial__wrap  uagb-tm__imgicon-style-circle uagb-tm__image-position-bottom uagb-tm__bg-type-gradient \"><div class=\"uagb-tm__content\"><div class=\"uagb-tm__overlay\"><\/div><div class=\"uagb-tm__text-wrap\"><div class=\"uagb-tm__desc\">Casco: \u00abes uno de los cascos m\u00e1s completos en su rango de precio. La ventilaci\u00f3n es sobresaliente, incluso en clima c\u00e1lido, y el interior resulta c\u00f3modo incluso tras largas horas de uso.<br>La visera solar integrada es f\u00e1cil de accionar con guantes, y el dise\u00f1o aerodin\u00e1mico reduce mucho el ruido del viento.\u00bb  <br>\u2b50\u2b50\u2b50\u2b50\u2b50<\/div><div class=\"uagb-tm__meta-inner\"><div class=\"uagb-testimonial-details\"><span class=\"uagb-tm__author-name\">Miguel Lopez<\/span><span class=\"uagb-tm__company\">Experts Motors<\/span><\/div><\/div><\/div><\/div><\/div><div class=\"uagb-testimonial__wrap  uagb-tm__imgicon-style-circle uagb-tm__image-position-bottom uagb-tm__bg-type-gradient \"><div class=\"uagb-tm__content\"><div class=\"uagb-tm__overlay\"><\/div><div class=\"uagb-tm__text-wrap\"><div class=\"uagb-tm__desc\">La Yamaha MT-07 2024 sigue siendo una de las mejores opciones en su segmento. Con su motor bicil\u00edndrico de 689 cc, entrega una aceleraci\u00f3n suave pero potente que se siente tanto en trayectos urbanos como en curvas r\u00e1pidas.  <br>\u2b50\u2b50\u2b50\u2b50\u2606<\/div><div class=\"uagb-tm__meta-inner\"><div class=\"uagb-testimonial-details\"><span class=\"uagb-tm__author-name\">Juan Lopez<\/span><span class=\"uagb-tm__company\">Motor Extreme<\/span><\/div><\/div><\/div><\/div><\/div><div class=\"uagb-testimonial__wrap  uagb-tm__imgicon-style-circle uagb-tm__image-position-bottom uagb-tm__bg-type-gradient \"><div class=\"uagb-tm__content\"><div class=\"uagb-tm__overlay\"><\/div><div class=\"uagb-tm__text-wrap\"><div class=\"uagb-tm__desc\">Los guantes  ofrecen una combinaci\u00f3n excelente entre seguridad y confort. Su construcci\u00f3n en cuero sint\u00e9tico de alta resistencia y las protecciones r\u00edgidas en los nudillos hacen que se sientan seguros sin perder sensibilidad en el manillar.<br>Son aptos tanto para uso diario como para conducci\u00f3n deportiva ligera. El detalle t\u00e1ctil en los dedos funciona bien con pantallas, aunque podr\u00eda mejorar en precisi\u00f3n<br><br>   \u2b50\u2b50\u2b50\u2b50\u2b50<\/div><div class=\"uagb-tm__meta-inner\"><div class=\"uagb-testimonial-details\"><span class=\"uagb-tm__author-name\">Tadeo Rodriguez<\/span><span class=\"uagb-tm__company\">Aceesorios Motors<\/span><\/div><\/div><\/div><\/div><\/div><\/div><\/div>\n\n\n\n<div class=\"wp-block-uagb-testimonial uagb-slick-carousel uagb-tm__arrow-outside uagb-block-6aaee938\"><div class=\"is-carousel uagb-tm__columns-1 uagb-tm__items\"><div class=\"uagb-testimonial__wrap  uagb-tm__imgicon-style-circle uagb-tm__image-position-bottom uagb-tm__bg-type-gradient \"><div class=\"uagb-tm__content\"><div class=\"uagb-tm__overlay\"><\/div><div class=\"uagb-tm__text-wrap\"><div class=\"uagb-tm__desc\">\u2b50\u2b50\u2b50\u2b50\u2b50<br>\u201cLa p\u00e1gina es f\u00e1cil de navegar, el soporte t\u00e9cnico fue r\u00e1pido y amable. Me resolvieron una duda antes de comprar.\u201d<br><\/div><div class=\"uagb-tm__meta-inner\"><div class=\"uagb-testimonial-details\"><span class=\"uagb-tm__author-name\">\u2013 <strong>Sof\u00eda M.<\/strong><\/span><span class=\"uagb-tm__company\">Cliente<\/span><\/div><\/div><\/div><\/div><\/div><div class=\"uagb-testimonial__wrap  uagb-tm__imgicon-style-circle uagb-tm__image-position-bottom uagb-tm__bg-type-gradient \"><div class=\"uagb-tm__content\"><div class=\"uagb-tm__overlay\"><\/div><div class=\"uagb-tm__text-wrap\"><div class=\"uagb-tm__desc\">\u2b50\u2b50\u2b50\u2b50\u2606<br>\u201cBuen sitio para encontrar repuestos, aunque me cost\u00f3 encontrar el modelo de mi moto al principio.\u201d<br><\/div><div class=\"uagb-tm__meta-inner\"><div class=\"uagb-testimonial-details\"><span class=\"uagb-tm__author-name\">\u2013 <strong>Andr\u00e9s C.<\/strong><\/span><span class=\"uagb-tm__company\">cliente<\/span><\/div><\/div><\/div><\/div><\/div><div class=\"uagb-testimonial__wrap  uagb-tm__imgicon-style-circle uagb-tm__image-position-bottom uagb-tm__bg-type-gradient \"><div class=\"uagb-tm__content\"><div class=\"uagb-tm__overlay\"><\/div><div class=\"uagb-tm__text-wrap\"><div class=\"uagb-tm__desc\">  \u2b50\u2b50\u2b50\u2b50\u2b50<br>\u201cHe comprado varias veces aqu\u00ed. Siempre cumplen con el env\u00edo y los productos son de calidad.\u201d<br><br>  <\/div><div class=\"uagb-tm__meta-inner\"><div class=\"uagb-testimonial-details\"><span class=\"uagb-tm__author-name\">\u2013 <strong>Claudia L.<\/strong><\/span><span class=\"uagb-tm__company\">Cliente<\/span><\/div><\/div><\/div><\/div><\/div><\/div><\/div>\n\n\n<div class=\"cr-all-reviews-shortcode\" data-attributes=\"{&quot;sort&quot;:&quot;desc&quot;,&quot;sort_by&quot;:&quot;date&quot;,&quot;per_page&quot;:5,&quot;show_summary_bar&quot;:true,&quot;show_media&quot;:true,&quot;show_pictures&quot;:false,&quot;show_products&quot;:true,&quot;categories&quot;:[],&quot;products&quot;:[],&quot;product_reviews&quot;:true,&quot;shop_reviews&quot;:true,&quot;inactive_products&quot;:false,&quot;show_replies&quot;:false,&quot;product_tags&quot;:[],&quot;tags&quot;:[],&quot;show_more&quot;:5,&quot;min_chars&quot;:0,&quot;avatars&quot;:&quot;initials&quot;,&quot;users&quot;:&quot;all&quot;,&quot;add_review&quot;:false,&quot;schema_markup&quot;:false}\"><div class=\"cr-summaryBox-wrap\"><div class=\"cr-overall-rating-wrap\"><div class=\"cr-average-rating\"><span>0,0<\/span><\/div><div class=\"cr-average-rating-stars\"><div class=\"crstar-rating-svg\" role=\"img\" aria-label=\"Rated 0,0 out of 5\"><div class=\"cr-rating-icon-base\">\n<svg  xmlns=\"http:\/\/www.w3.org\/2000\/svg\"  width=\"24\"  height=\"24\"  viewBox=\"0 0 24 24\"  fill=\"none\"  stroke=\"currentColor\"  stroke-width=\"2\"  stroke-linecap=\"round\"  stroke-linejoin=\"round\"  class=\"cr-rating-icon-bg\" style=\"\"><path stroke=\"none\" d=\"M0 0h24v24H0z\" fill=\"none\"\/><path d=\"M12 17.75l-6.172 3.245l1.179 -6.873l-5 -4.867l6.9 -1l3.086 -6.253l3.086 6.253l6.9 1l-5 4.867l1.179 6.873z\" \/><\/svg>\n\n<svg  xmlns=\"http:\/\/www.w3.org\/2000\/svg\"  width=\"24\"  height=\"24\"  viewBox=\"0 0 24 24\"  fill=\"none\"  stroke=\"currentColor\"  stroke-width=\"2\"  stroke-linecap=\"round\"  stroke-linejoin=\"round\"  class=\"cr-rating-icon-bg\" style=\"\"><path stroke=\"none\" d=\"M0 0h24v24H0z\" fill=\"none\"\/><path d=\"M12 17.75l-6.172 3.245l1.179 -6.873l-5 -4.867l6.9 -1l3.086 -6.253l3.086 6.253l6.9 1l-5 4.867l1.179 6.873z\" \/><\/svg>\n\n<svg  xmlns=\"http:\/\/www.w3.org\/2000\/svg\"  width=\"24\"  height=\"24\"  viewBox=\"0 0 24 24\"  fill=\"none\"  stroke=\"currentColor\"  stroke-width=\"2\"  stroke-linecap=\"round\"  stroke-linejoin=\"round\"  class=\"cr-rating-icon-bg\" style=\"\"><path stroke=\"none\" d=\"M0 0h24v24H0z\" fill=\"none\"\/><path d=\"M12 17.75l-6.172 3.245l1.179 -6.873l-5 -4.867l6.9 -1l3.086 -6.253l3.086 6.253l6.9 1l-5 4.867l1.179 6.873z\" \/><\/svg>\n\n<svg  xmlns=\"http:\/\/www.w3.org\/2000\/svg\"  width=\"24\"  height=\"24\"  viewBox=\"0 0 24 24\"  fill=\"none\"  stroke=\"currentColor\"  stroke-width=\"2\"  stroke-linecap=\"round\"  stroke-linejoin=\"round\"  class=\"cr-rating-icon-bg\" style=\"\"><path stroke=\"none\" d=\"M0 0h24v24H0z\" fill=\"none\"\/><path d=\"M12 17.75l-6.172 3.245l1.179 -6.873l-5 -4.867l6.9 -1l3.086 -6.253l3.086 6.253l6.9 1l-5 4.867l1.179 6.873z\" \/><\/svg>\n\n<svg  xmlns=\"http:\/\/www.w3.org\/2000\/svg\"  width=\"24\"  height=\"24\"  viewBox=\"0 0 24 24\"  fill=\"none\"  stroke=\"currentColor\"  stroke-width=\"2\"  stroke-linecap=\"round\"  stroke-linejoin=\"round\"  class=\"cr-rating-icon-bg\" style=\"\"><path stroke=\"none\" d=\"M0 0h24v24H0z\" fill=\"none\"\/><path d=\"M12 17.75l-6.172 3.245l1.179 -6.873l-5 -4.867l6.9 -1l3.086 -6.253l3.086 6.253l6.9 1l-5 4.867l1.179 6.873z\" \/><\/svg>\n<\/div><div class=\"cr-rating-icon-frnt\" style=\"width:0%;\">\n<svg  xmlns=\"http:\/\/www.w3.org\/2000\/svg\"  width=\"24\"  height=\"24\"  viewBox=\"0 0 24 24\"  fill=\"currentColor\"  class=\"cr-rating-icon\" style=\"\"><path stroke=\"none\" d=\"M0 0h24v24H0z\" fill=\"none\"\/><path d=\"M8.243 7.34l-6.38 .925l-.113 .023a1 1 0 0 0 -.44 1.684l4.622 4.499l-1.09 6.355l-.013 .11a1 1 0 0 0 1.464 .944l5.706 -3l5.693 3l.1 .046a1 1 0 0 0 1.352 -1.1l-1.091 -6.355l4.624 -4.5l.078 -.085a1 1 0 0 0 -.633 -1.62l-6.38 -.926l-2.852 -5.78a1 1 0 0 0 -1.794 0l-2.853 5.78z\" \/><\/svg>\n\n<svg  xmlns=\"http:\/\/www.w3.org\/2000\/svg\"  width=\"24\"  height=\"24\"  viewBox=\"0 0 24 24\"  fill=\"currentColor\"  class=\"cr-rating-icon\" style=\"\"><path stroke=\"none\" d=\"M0 0h24v24H0z\" fill=\"none\"\/><path d=\"M8.243 7.34l-6.38 .925l-.113 .023a1 1 0 0 0 -.44 1.684l4.622 4.499l-1.09 6.355l-.013 .11a1 1 0 0 0 1.464 .944l5.706 -3l5.693 3l.1 .046a1 1 0 0 0 1.352 -1.1l-1.091 -6.355l4.624 -4.5l.078 -.085a1 1 0 0 0 -.633 -1.62l-6.38 -.926l-2.852 -5.78a1 1 0 0 0 -1.794 0l-2.853 5.78z\" \/><\/svg>\n\n<svg  xmlns=\"http:\/\/www.w3.org\/2000\/svg\"  width=\"24\"  height=\"24\"  viewBox=\"0 0 24 24\"  fill=\"currentColor\"  class=\"cr-rating-icon\" style=\"\"><path stroke=\"none\" d=\"M0 0h24v24H0z\" fill=\"none\"\/><path d=\"M8.243 7.34l-6.38 .925l-.113 .023a1 1 0 0 0 -.44 1.684l4.622 4.499l-1.09 6.355l-.013 .11a1 1 0 0 0 1.464 .944l5.706 -3l5.693 3l.1 .046a1 1 0 0 0 1.352 -1.1l-1.091 -6.355l4.624 -4.5l.078 -.085a1 1 0 0 0 -.633 -1.62l-6.38 -.926l-2.852 -5.78a1 1 0 0 0 -1.794 0l-2.853 5.78z\" \/><\/svg>\n\n<svg  xmlns=\"http:\/\/www.w3.org\/2000\/svg\"  width=\"24\"  height=\"24\"  viewBox=\"0 0 24 24\"  fill=\"currentColor\"  class=\"cr-rating-icon\" style=\"\"><path stroke=\"none\" d=\"M0 0h24v24H0z\" fill=\"none\"\/><path d=\"M8.243 7.34l-6.38 .925l-.113 .023a1 1 0 0 0 -.44 1.684l4.622 4.499l-1.09 6.355l-.013 .11a1 1 0 0 0 1.464 .944l5.706 -3l5.693 3l.1 .046a1 1 0 0 0 1.352 -1.1l-1.091 -6.355l4.624 -4.5l.078 -.085a1 1 0 0 0 -.633 -1.62l-6.38 -.926l-2.852 -5.78a1 1 0 0 0 -1.794 0l-2.853 5.78z\" \/><\/svg>\n\n<svg  xmlns=\"http:\/\/www.w3.org\/2000\/svg\"  width=\"24\"  height=\"24\"  viewBox=\"0 0 24 24\"  fill=\"currentColor\"  class=\"cr-rating-icon\" style=\"\"><path stroke=\"none\" d=\"M0 0h24v24H0z\" fill=\"none\"\/><path d=\"M8.243 7.34l-6.38 .925l-.113 .023a1 1 0 0 0 -.44 1.684l4.622 4.499l-1.09 6.355l-.013 .11a1 1 0 0 0 1.464 .944l5.706 -3l5.693 3l.1 .046a1 1 0 0 0 1.352 -1.1l-1.091 -6.355l4.624 -4.5l.078 -.085a1 1 0 0 0 -.633 -1.62l-6.38 -.926l-2.852 -5.78a1 1 0 0 0 -1.794 0l-2.853 5.78z\" \/><\/svg>\n<\/div><\/div><\/div><div class=\"cr-total-rating-count\">Based on 0 reviews<\/div><\/div><div class=\"cr-summary-separator\"><div class=\"cr-summary-separator-int\"><\/div><\/div><div class=\"ivole-summaryBox cr-all-reviews-ajax\"><table class=\"cr-histogramTable\"><tbody><tr class=\"ivole-histogramRow\"><td class=\"ivole-histogramCell1\">5 star<\/td><td class=\"ivole-histogramCell2\"><div class=\"ivole-meter\"><div class=\"ivole-meter-bar\" style=\"width: 0%\"><\/div><\/div><\/td><td class=\"ivole-histogramCell3\">0%<\/td><\/tr><tr class=\"ivole-histogramRow\"><td class=\"ivole-histogramCell1\">4 star<\/td><td class=\"ivole-histogramCell2\"><div class=\"ivole-meter\"><div class=\"ivole-meter-bar\" style=\"width: 0%\"><\/div><\/div><\/td><td class=\"ivole-histogramCell3\">0%<\/td><\/tr><tr class=\"ivole-histogramRow\"><td class=\"ivole-histogramCell1\">3 star<\/td><td class=\"ivole-histogramCell2\"><div class=\"ivole-meter\"><div class=\"ivole-meter-bar\" style=\"width: 0%\"><\/div><\/div><\/td><td class=\"ivole-histogramCell3\">0%<\/td><\/tr><tr class=\"ivole-histogramRow\"><td class=\"ivole-histogramCell1\">2 star<\/td><td class=\"ivole-histogramCell2\"><div class=\"ivole-meter\"><div class=\"ivole-meter-bar\" style=\"width: 0%\"><\/div><\/div><\/td><td class=\"ivole-histogramCell3\">0%<\/td><\/tr><tr class=\"ivole-histogramRow\"><td class=\"ivole-histogramCell1\">1 star<\/td><td class=\"ivole-histogramCell2\"><div class=\"ivole-meter\"><div class=\"ivole-meter-bar\" style=\"width: 0%\"><\/div><\/div><\/td><td class=\"ivole-histogramCell3\">0%<\/td><\/tr><\/tbody><\/table><\/div><\/div>\n\t\t\t\t<div class=\"cr-ajax-search\">\n\t\t\t\t\t<div>\n\t\t\t\t\t\t<svg width=\"1em\" height=\"1em\" viewBox=\"0 0 16 16\" class=\"cr-ajax-search-icon\" fill=\"#868686\" xmlns=\"http:\/\/www.w3.org\/2000\/svg\">\n\t\t\t\t\t\t\t<path fill-rule=\"evenodd\" d=\"M10.442 10.442a1 1 0 0 1 1.415 0l3.85 3.85a1 1 0 0 1-1.414 1.415l-3.85-3.85a1 1 0 0 1 0-1.415z\"\/>\n\t\t\t\t\t\t\t<path fill-rule=\"evenodd\" d=\"M6.5 12a5.5 5.5 0 1 0 0-11 5.5 5.5 0 0 0 0 11zM13 6.5a6.5 6.5 0 1 1-13 0 6.5 6.5 0 0 1 13 0z\"\/>\n\t\t\t\t\t\t<\/svg>\n\t\t\t\t\t\t<input name=\"cr_input_text_search\" class=\"cr-input-text\" type=\"text\" placeholder=\"Search customer reviews\" value=\"\" aria-label=\"Search customer reviews\">\n\t\t\t\t\t\t<span class=\"cr-clear-input\">\n\t\t\t\t\t\t\t<svg width=\"1em\" height=\"1em\" viewBox=\"0 0 16 16\" class=\"bi bi-x-circle-fill\" fill=\"#868686\" xmlns=\"http:\/\/www.w3.org\/2000\/svg\">\n\t\t\t\t\t\t\t\t<path fill-rule=\"evenodd\" d=\"M16 8A8 8 0 1 1 0 8a8 8 0 0 1 16 0zM5.354 4.646a.5.5 0 1 0-.708.708L7.293 8l-2.647 2.646a.5.5 0 0 0 .708.708L8 8.707l2.646 2.647a.5.5 0 0 0 .708-.708L8.707 8l2.647-2.646a.5.5 0 0 0-.708-.708L8 7.293 5.354 4.646z\"\/>\n\t\t\t\t\t\t\t<\/svg>\n\t\t\t\t\t\t<\/span>\n\t\t\t\t\t<\/div><button type=\"button\" class=\"cr-button-search\">Search<\/button><\/div><div class=\"cr-count-row\"><div class=\"cr-count-row-count\">0 of 0 reviews<\/div><div class=\"cr-ajax-reviews-sort-div\"><select name=\"cr_ajax_reviews_sort\" class=\"cr-ajax-reviews-sort\" data-nonce=\"57049a7740\" aria-label=\"Sort reviews\"><option value=\"recent\" selected=\"selected\">Most Recent<\/option><option value=\"helpful\">Most Helpful<\/option><\/select><\/div><\/div><p class=\"cr-search-no-reviews\">Sorry, no reviews match your current selections<\/p><\/div>\n\n\n\n<p><\/p>\n","protected":false},"excerpt":{"rendered":"","protected":false},"author":1,"featured_media":0,"parent":0,"menu_order":0,"comment_status":"closed","ping_status":"closed","template":"","meta":{"_uag_custom_page_level_css":"","site-sidebar-layout":"default","site-content-layout":"","ast-site-content-layout":"normal-width-container","site-content-style":"default","site-sidebar-style":"default","ast-global-header-display":"","ast-banner-title-visibility":"","ast-main-header-display":"","ast-hfb-above-header-display":"","ast-hfb-below-header-display":"","ast-hfb-mobile-header-display":"","site-post-title":"","ast-breadcrumbs-content":"","ast-featured-img":"","footer-sml-layout":"","theme-transparent-header-meta":"disabled","adv-header-id-meta":"","stick-header-meta":"","header-above-stick-meta":"","header-main-stick-meta":"","header-below-stick-meta":"","astra-migrate-meta-layouts":"default","ast-page-background-enabled":"default","ast-page-background-meta":{"desktop":{"background-color":"var(--ast-global-color-5)","background-image":"","background-repeat":"repeat","background-position":"center center","background-size":"auto","background-attachment":"scroll","background-type":"","background-media":"","overlay-type":"","overlay-color":"","overlay-opacity":"","overlay-gradient":""},"tablet":{"background-color":"","background-image":"","background-repeat":"repeat","background-position":"center center","background-size":"auto","background-attachment":"scroll","background-type":"","background-media":"","overlay-type":"","overlay-color":"","overlay-opacity":"","overlay-gradient":""},"mobile":{"background-color":"","background-image":"","background-repeat":"repeat","background-position":"center center","background-size":"auto","background-attachment":"scroll","background-type":"","background-media":"","overlay-type":"","overlay-color":"","overlay-opacity":"","overlay-gradient":""}},"ast-content-background-meta":{"desktop":{"background-color":"var(--ast-global-color-4)","background-image":"","background-repeat":"repeat","background-position":"center center","background-size":"auto","background-attachment":"scroll","background-type":"","background-media":"","overlay-type":"","overlay-color":"","overlay-opacity":"","overlay-gradient":""},"tablet":{"background-color":"var(--ast-global-color-4)","background-image":"","background-repeat":"repeat","background-position":"center center","background-size":"auto","background-attachment":"scroll","background-type":"","background-media":"","overlay-type":"","overlay-color":"","overlay-opacity":"","overlay-gradient":""},"mobile":{"background-color":"var(--ast-global-color-4)","background-image":"","background-repeat":"repeat","background-position":"center center","background-size":"auto","background-attachment":"scroll","background-type":"","background-media":"","overlay-type":"","overlay-color":"","overlay-opacity":"","overlay-gradient":""}},"ngg_post_thumbnail":0,"footnotes":""},"class_list":["post-577","page","type-page","status-publish","hentry"],"uagb_featured_image_src":{"full":false,"thumbnail":false,"medium":false,"medium_large":false,"large":false,"1536x1536":false,"2048x2048":false,"woocommerce_thumbnail":false,"woocommerce_single":false,"woocommerce_gallery_thumbnail":false},"uagb_author_info":{"display_name":"Daneo","author_link":"https:\/\/optimus-motors.com\/?author=1"},"uagb_comment_info":0,"uagb_excerpt":null,"_links":{"self":[{"href":"https:\/\/optimus-motors.com\/index.php?rest_route=\/wp\/v2\/pages\/577","targetHints":{"allow":["GET"]}}],"collection":[{"href":"https:\/\/optimus-motors.com\/index.php?rest_route=\/wp\/v2\/pages"}],"about":[{"href":"https:\/\/optimus-motors.com\/index.php?rest_route=\/wp\/v2\/types\/page"}],"author":[{"embeddable":true,"href":"https:\/\/optimus-motors.com\/index.php?rest_route=\/wp\/v2\/users\/1"}],"replies":[{"embeddable":true,"href":"https:\/\/optimus-motors.com\/index.php?rest_route=%2Fwp%2Fv2%2Fcomments&post=577"}],"version-history":[{"count":12,"href":"https:\/\/optimus-motors.com\/index.php?rest_route=\/wp\/v2\/pages\/577\/revisions"}],"predecessor-version":[{"id":1380,"href":"https:\/\/optimus-motors.com\/index.php?rest_route=\/wp\/v2\/pages\/577\/revisions\/1380"}],"wp:attachment":[{"href":"https:\/\/optimus-motors.com\/index.php?rest_route=%2Fwp%2Fv2%2Fmedia&parent=577"}],"curies":[{"name":"wp","href":"https:\/\/api.w.org\/{rel}","templated":true}]}}