{"id":479,"date":"2025-03-05T15:58:35","date_gmt":"2025-03-05T15:58:35","guid":{"rendered":"https:\/\/optimus-motors.com\/?page_id=479"},"modified":"2025-03-05T16:04:18","modified_gmt":"2025-03-05T16:04:18","slug":"preguntas-frecuentes","status":"publish","type":"page","link":"https:\/\/optimus-motors.com\/?page_id=479","title":{"rendered":"Preguntas"},"content":{"rendered":"<style>#sp-ea-477 .spcollapsing { height: 0; overflow: hidden; transition-property: height;transition-duration: 300ms;}#sp-ea-477.sp-easy-accordion>.sp-ea-single {margin-bottom: 10px; border: 1px solid #e2e2e2; }#sp-ea-477.sp-easy-accordion>.sp-ea-single>.ea-header a {color: #444;}#sp-ea-477.sp-easy-accordion>.sp-ea-single>.sp-collapse>.ea-body {background: #fff; color: #444;}#sp-ea-477.sp-easy-accordion>.sp-ea-single {background: #eee;}#sp-ea-477.sp-easy-accordion>.sp-ea-single>.ea-header a .ea-expand-icon { float: left; color: #444;font-size: 16px;}<\/style><div id=\"sp_easy_accordion-1741067458\"><div id=\"sp-ea-477\" class=\"sp-ea-one sp-easy-accordion\" data-ea-active=\"ea-click\" data-ea-mode=\"vertical\" data-preloader=\"\" data-scroll-active-item=\"\" data-offset-to-scroll=\"0\"><div class=\"ea-card ea-expand sp-ea-single\"><h3 class=\"ea-header\"><a class=\"collapsed\" id=\"ea-header-4770\" role=\"button\" data-sptoggle=\"spcollapse\" data-sptarget=\"#collapse4770\" aria-controls=\"collapse4770\" href=\"#\" aria-expanded=\"true\" tabindex=\"0\"><i aria-hidden=\"true\" role=\"presentation\" class=\"ea-expand-icon eap-icon-ea-expand-minus\"><\/i> \u00bfQu\u00e9 motos est\u00e1n disponibles para la venta?<\/a><\/h3><div class=\"sp-collapse spcollapse collapsed show\" id=\"collapse4770\" data-parent=\"#sp-ea-477\" role=\"region\" aria-labelledby=\"ea-header-4770\"> <div class=\"ea-body\"><p>Ofrecemos deportivas, cruiser, motos el\u00e9ctricas, etc<\/p><\/div><\/div><\/div><div class=\"ea-card sp-ea-single\"><h3 class=\"ea-header\"><a class=\"collapsed\" id=\"ea-header-4771\" role=\"button\" data-sptoggle=\"spcollapse\" data-sptarget=\"#collapse4771\" aria-controls=\"collapse4771\" href=\"#\" aria-expanded=\"false\" tabindex=\"0\"><i aria-hidden=\"true\" role=\"presentation\" class=\"ea-expand-icon eap-icon-ea-expand-plus\"><\/i> \u00bfQu\u00e9 tipo de financiamiento o pago aceptan?<\/a><\/h3><div class=\"sp-collapse spcollapse \" id=\"collapse4771\" data-parent=\"#sp-ea-477\" role=\"region\" aria-labelledby=\"ea-header-4771\"> <div class=\"ea-body\"><p>Aceptamos pagos en mensualidades, tarjetas de cr\u00e9dito, debito, paypal etc. Ademas contamos con un sistema de financiamiento de la empresa.<\/p><\/div><\/div><\/div><div class=\"ea-card sp-ea-single\"><h3 class=\"ea-header\"><a class=\"collapsed\" id=\"ea-header-4772\" role=\"button\" data-sptoggle=\"spcollapse\" data-sptarget=\"#collapse4772\" aria-controls=\"collapse4772\" href=\"#\" aria-expanded=\"false\" tabindex=\"0\"><i aria-hidden=\"true\" role=\"presentation\" class=\"ea-expand-icon eap-icon-ea-expand-plus\"><\/i> \u00bfCu\u00e1nto tiempo se tarda en entregar una moto despu\u00e9s de comprarla?<\/a><\/h3><div class=\"sp-collapse spcollapse \" id=\"collapse4772\" data-parent=\"#sp-ea-477\" role=\"region\" aria-labelledby=\"ea-header-4772\"> <div class=\"ea-body\"><p>El tiempo estimado de entrega depende del modelo o disponibilidad por lo que el tiempo maximo de entrega es de 20 dias.<\/p><\/div><\/div><\/div><div class=\"ea-card sp-ea-single\"><h3 class=\"ea-header\"><a class=\"collapsed\" id=\"ea-header-4773\" role=\"button\" data-sptoggle=\"spcollapse\" data-sptarget=\"#collapse4773\" aria-controls=\"collapse4773\" href=\"#\" aria-expanded=\"false\" tabindex=\"0\"><i aria-hidden=\"true\" role=\"presentation\" class=\"ea-expand-icon eap-icon-ea-expand-plus\"><\/i> \u00bfOfrecen garant\u00eda en las motos que venden?<\/a><\/h3><div class=\"sp-collapse spcollapse \" id=\"collapse4773\" data-parent=\"#sp-ea-477\" role=\"region\" aria-labelledby=\"ea-header-4773\"> <div class=\"ea-body\"><p>Si, la duraci\u00f3n\u00a0 de la garantia es de\u00a0 1 a\u00f1o, y tenemos el servicio de garantia extendida con un costo adicional.<\/p><p>&nbsp;<\/p><\/div><\/div><\/div><div class=\"ea-card sp-ea-single\"><h3 class=\"ea-header\"><a class=\"collapsed\" id=\"ea-header-4774\" role=\"button\" data-sptoggle=\"spcollapse\" data-sptarget=\"#collapse4774\" aria-controls=\"collapse4774\" href=\"#\" aria-expanded=\"false\" tabindex=\"0\"><i aria-hidden=\"true\" role=\"presentation\" class=\"ea-expand-icon eap-icon-ea-expand-plus\"><\/i> \u00bfCu\u00e1l es el costo de env\u00edo o entrega de la moto?<\/a><\/h3><div class=\"sp-collapse spcollapse \" id=\"collapse4774\" data-parent=\"#sp-ea-477\" role=\"region\" aria-labelledby=\"ea-header-4774\"> <div class=\"ea-body\"><p>Se ofrecen env\u00edos nacionales o internacionales. El costo de envio es gratuito dentro de la republica mexican y en envios internacionales el costo varia dependiendo del lugar de entrega por lo que hay un apartado al momento de comprar que te muestra el costo exacto, antes de realizar la compra.<\/p><\/div><\/div><\/div><div class=\"ea-card sp-ea-single\"><h3 class=\"ea-header\"><a class=\"collapsed\" id=\"ea-header-4775\" role=\"button\" data-sptoggle=\"spcollapse\" data-sptarget=\"#collapse4775\" aria-controls=\"collapse4775\" href=\"#\" aria-expanded=\"false\" tabindex=\"0\"><i aria-hidden=\"true\" role=\"presentation\" class=\"ea-expand-icon eap-icon-ea-expand-plus\"><\/i> \u00bfCu\u00e1les son los requisitos para financiar la compra de una moto?<\/a><\/h3><div class=\"sp-collapse spcollapse \" id=\"collapse4775\" data-parent=\"#sp-ea-477\" role=\"region\" aria-labelledby=\"ea-header-4775\"> <div class=\"ea-body\"><p>Los clientes deben tener para llenar una solicitud previa a la compra, y entregar copia de la identificaci\u00f3n, comprobante de ingresos, licencia de conducir, para la evaluaci\u00f3n y determinar si es sujeto de credito.<\/p><p>&nbsp;<\/p><\/div><\/div><\/div><div class=\"ea-card sp-ea-single\"><h3 class=\"ea-header\"><a class=\"collapsed\" id=\"ea-header-4776\" role=\"button\" data-sptoggle=\"spcollapse\" data-sptarget=\"#collapse4776\" aria-controls=\"collapse4776\" href=\"#\" aria-expanded=\"false\" tabindex=\"0\"><i aria-hidden=\"true\" role=\"presentation\" class=\"ea-expand-icon eap-icon-ea-expand-plus\"><\/i> Promociones vigentes<\/a><\/h3><div class=\"sp-collapse spcollapse \" id=\"collapse4776\" data-parent=\"#sp-ea-477\" role=\"region\" aria-labelledby=\"ea-header-4776\"> <div class=\"ea-body\"><p>Aprovecha nuestras promociones vigentes en <em data-start=\"44\" data-end=\"60\">Optimus Motors<\/em> y consigue la motocicleta de tus sue\u00f1os con incre\u00edbles descuentos y facilidades de pago. \u00a1No dejes pasar esta oportunidad!<\/p><\/div><\/div><\/div><div class=\"ea-card sp-ea-single\"><h3 class=\"ea-header\"><a class=\"collapsed\" id=\"ea-header-4777\" role=\"button\" data-sptoggle=\"spcollapse\" data-sptarget=\"#collapse4777\" aria-controls=\"collapse4777\" href=\"#\" aria-expanded=\"false\" tabindex=\"0\"><i aria-hidden=\"true\" role=\"presentation\" class=\"ea-expand-icon eap-icon-ea-expand-plus\"><\/i> Centro de servicios<\/a><\/h3><div class=\"sp-collapse spcollapse \" id=\"collapse4777\" data-parent=\"#sp-ea-477\" role=\"region\" aria-labelledby=\"ea-header-4777\"> <div class=\"ea-body\"><p>Agenda tu servicio de mantenimiento en <em data-start=\"40\" data-end=\"56\">Optimus Motors<\/em> y mant\u00e9n tu motocicleta en \u00f3ptimas condiciones con nuestros expertos. \u00a1Reserva tu cita hoy mismo!<\/p><\/div><\/div><\/div><div class=\"ea-card sp-ea-single\"><h3 class=\"ea-header\"><a class=\"collapsed\" id=\"ea-header-4778\" role=\"button\" data-sptoggle=\"spcollapse\" data-sptarget=\"#collapse4778\" aria-controls=\"collapse4778\" href=\"#\" aria-expanded=\"false\" tabindex=\"0\"><i aria-hidden=\"true\" role=\"presentation\" class=\"ea-expand-icon eap-icon-ea-expand-plus\"><\/i> Compra de refacciones<\/a><\/h3><div class=\"sp-collapse spcollapse \" id=\"collapse4778\" data-parent=\"#sp-ea-477\" role=\"region\" aria-labelledby=\"ea-header-4778\"> <div class=\"ea-body\"><p>En Optimus Motors, te ofrecemos una amplia selecci\u00f3n de refacciones originales y de alta calidad para mantener tu motocicleta en \u00f3ptimas condiciones, con un proceso de compra r\u00e1pido, seguro y confiable.<\/p><\/div><\/div><\/div><div class=\"ea-card sp-ea-single\"><h3 class=\"ea-header\"><a class=\"collapsed\" id=\"ea-header-4779\" role=\"button\" data-sptoggle=\"spcollapse\" data-sptarget=\"#collapse4779\" aria-controls=\"collapse4779\" href=\"#\" aria-expanded=\"false\" tabindex=\"0\"><i aria-hidden=\"true\" role=\"presentation\" class=\"ea-expand-icon eap-icon-ea-expand-plus\"><\/i> Paquetes de servicio preventivo<\/a><\/h3><div class=\"sp-collapse spcollapse \" id=\"collapse4779\" data-parent=\"#sp-ea-477\" role=\"region\" aria-labelledby=\"ea-header-4779\"> <div class=\"ea-body\"><p class=\"sr-only\"><span style=\"font-size: 16px\">En Optimus Motors, ofrecemos paquetes de servicios preventivos dise\u00f1ados para garantizar el m\u00e1ximo rendimiento y la seguridad de tu motocicleta, con mantenimiento especializado que prolonga su vida \u00fatil y previene fallas inesperadas.<\/span><\/p><\/div><\/div><\/div><div class=\"ea-card sp-ea-single\"><h3 class=\"ea-header\"><a class=\"collapsed\" id=\"ea-header-47710\" role=\"button\" data-sptoggle=\"spcollapse\" data-sptarget=\"#collapse47710\" aria-controls=\"collapse47710\" href=\"#\" aria-expanded=\"false\" tabindex=\"0\"><i aria-hidden=\"true\" role=\"presentation\" class=\"ea-expand-icon eap-icon-ea-expand-plus\"><\/i> Activaci\u00f3n y servicio de cobertura<\/a><\/h3><div class=\"sp-collapse spcollapse \" id=\"collapse47710\" data-parent=\"#sp-ea-477\" role=\"region\" aria-labelledby=\"ea-header-47710\"> <div class=\"ea-body\"><p>En <strong data-start=\"4\" data-end=\"22\">Optimus Motors<\/strong>, garantizamos una activaci\u00f3n r\u00e1pida y eficiente de tu servicio, asegurando una cobertura confiable para que disfrutes al m\u00e1ximo de tu motocicleta sin preocupaciones.<\/p><\/div><\/div><\/div><\/div><\/div>\n","protected":false},"excerpt":{"rendered":"","protected":false},"author":1,"featured_media":0,"parent":0,"menu_order":0,"comment_status":"closed","ping_status":"closed","template":"","meta":{"_uag_custom_page_level_css":"","site-sidebar-layout":"default","site-content-layout":"","ast-site-content-layout":"","site-content-style":"default","site-sidebar-style":"default","ast-global-header-display":"","ast-banner-title-visibility":"","ast-main-header-display":"","ast-hfb-above-header-display":"","ast-hfb-below-header-display":"","ast-hfb-mobile-header-display":"","site-post-title":"","ast-breadcrumbs-content":"","ast-featured-img":"","footer-sml-layout":"","theme-transparent-header-meta":"","adv-header-id-meta":"","stick-header-meta":"","header-above-stick-meta":"","header-main-stick-meta":"","header-below-stick-meta":"","astra-migrate-meta-layouts":"default","ast-page-background-enabled":"default","ast-page-background-meta":{"desktop":{"background-color":"var(--ast-global-color-5)","background-image":"","background-repeat":"repeat","background-position":"center center","background-size":"auto","background-attachment":"scroll","background-type":"","background-media":"","overlay-type":"","overlay-color":"","overlay-opacity":"","overlay-gradient":""},"tablet":{"background-color":"","background-image":"","background-repeat":"repeat","background-position":"center center","background-size":"auto","background-attachment":"scroll","background-type":"","background-media":"","overlay-type":"","overlay-color":"","overlay-opacity":"","overlay-gradient":""},"mobile":{"background-color":"","background-image":"","background-repeat":"repeat","background-position":"center center","background-size":"auto","background-attachment":"scroll","background-type":"","background-media":"","overlay-type":"","overlay-color":"","overlay-opacity":"","overlay-gradient":""}},"ast-content-background-meta":{"desktop":{"background-color":"var(--ast-global-color-4)","background-image":"","background-repeat":"repeat","background-position":"center center","background-size":"auto","background-attachment":"scroll","background-type":"","background-media":"","overlay-type":"","overlay-color":"","overlay-opacity":"","overlay-gradient":""},"tablet":{"background-color":"var(--ast-global-color-4)","background-image":"","background-repeat":"repeat","background-position":"center center","background-size":"auto","background-attachment":"scroll","background-type":"","background-media":"","overlay-type":"","overlay-color":"","overlay-opacity":"","overlay-gradient":""},"mobile":{"background-color":"var(--ast-global-color-4)","background-image":"","background-repeat":"repeat","background-position":"center center","background-size":"auto","background-attachment":"scroll","background-type":"","background-media":"","overlay-type":"","overlay-color":"","overlay-opacity":"","overlay-gradient":""}},"ngg_post_thumbnail":0,"footnotes":""},"class_list":["post-479","page","type-page","status-publish","hentry"],"uagb_featured_image_src":{"full":false,"thumbnail":false,"medium":false,"medium_large":false,"large":false,"1536x1536":false,"2048x2048":false,"woocommerce_thumbnail":false,"woocommerce_single":false,"woocommerce_gallery_thumbnail":false},"uagb_author_info":{"display_name":"Daneo","author_link":"https:\/\/optimus-motors.com\/?author=1"},"uagb_comment_info":0,"uagb_excerpt":null,"_links":{"self":[{"href":"https:\/\/optimus-motors.com\/index.php?rest_route=\/wp\/v2\/pages\/479","targetHints":{"allow":["GET"]}}],"collection":[{"href":"https:\/\/optimus-motors.com\/index.php?rest_route=\/wp\/v2\/pages"}],"about":[{"href":"https:\/\/optimus-motors.com\/index.php?rest_route=\/wp\/v2\/types\/page"}],"author":[{"embeddable":true,"href":"https:\/\/optimus-motors.com\/index.php?rest_route=\/wp\/v2\/users\/1"}],"replies":[{"embeddable":true,"href":"https:\/\/optimus-motors.com\/index.php?rest_route=%2Fwp%2Fv2%2Fcomments&post=479"}],"version-history":[{"count":2,"href":"https:\/\/optimus-motors.com\/index.php?rest_route=\/wp\/v2\/pages\/479\/revisions"}],"predecessor-version":[{"id":482,"href":"https:\/\/optimus-motors.com\/index.php?rest_route=\/wp\/v2\/pages\/479\/revisions\/482"}],"wp:attachment":[{"href":"https:\/\/optimus-motors.com\/index.php?rest_route=%2Fwp%2Fv2%2Fmedia&parent=479"}],"curies":[{"name":"wp","href":"https:\/\/api.w.org\/{rel}","templated":true}]}}